{"id":1047,"date":"2023-03-30T15:24:14","date_gmt":"2023-03-30T13:24:14","guid":{"rendered":"https:\/\/burotstudio.mywebsiteproject.es\/?page_id=1047"},"modified":"2023-03-30T17:00:28","modified_gmt":"2023-03-30T15:00:28","slug":"politica-afiliats-amazon","status":"publish","type":"page","link":"https:\/\/burotstudio.mywebsiteproject.es\/ca\/politica-afiliats-amazon\/","title":{"rendered":"Pol\u00edtica d&#8217;afiliats d&#8217;Amazon"},"content":{"rendered":"\n<p>En aquesta p\u00e0gina web utilitzem enlla\u00e7os d&#8217;afiliats d&#8217;Amazon per oferir-te productes i serveis que poden interessar-te. Com a afiliat d&#8217;Amazon, obtinc ingressos per les compres que facis a trav\u00e9s d&#8217;aquests enlla\u00e7os, sempre i quan compleixin els requisits aplicables.<\/p>\n\n\n\n<h2 class=\"wp-block-heading\">Qu\u00e8 s\u00f3n els enlla\u00e7os d&#8217;afiliats d&#8217;Amazon?<\/h2>\n\n\n\n<p>Els enlla\u00e7os d&#8217;afiliats d&#8217;Amazon s\u00f3n enlla\u00e7os que porten l&#8217;usuari a la p\u00e0gina d&#8217;Amazon d&#8217;un producte o servei en particular. Si l&#8217;usuari realitza una compra despr\u00e9s de fer clic en l&#8217;enlla\u00e7 d&#8217;afiliat, l&#8217;afiliat rep una comissi\u00f3 per la venda. El preu del producte no varia per a l&#8217;usuari.<\/p>\n\n\n\n<h2 class=\"wp-block-heading\">Com utilitzem els enlla\u00e7os d&#8217;afiliats d&#8217;Amazon en aquesta p\u00e0gina web?<\/h2>\n\n\n\n<p>En aquesta p\u00e0gina web, utilitzem enlla\u00e7os d&#8217;afiliats d&#8217;Amazon per recomanar-te productes i serveis que considerem rellevants i \u00fatils per a tu. Aquests s&#8217;identifiquen amb una etiqueta especial que indica que es tracta d&#8217;un enlla\u00e7 d&#8217;afiliat.<\/p>\n\n\n\n<h2 class=\"wp-block-heading\">Com puc donar suport a aquesta p\u00e0gina web a trav\u00e9s dels enlla\u00e7os d&#8217;afiliats d&#8217;Amazon?<\/h2>\n\n\n\n<p>Si vols donar suport a aquesta p\u00e0gina web, pots fer clic en qualsevol dels enlla\u00e7os d&#8217;afiliats d&#8217;Amazon que es troben en ella abans de realitzar una compra a Amazon. En fer-ho, estar\u00e0s contribuint a la continu\u00eftat i el creixement d&#8217;aquesta p\u00e0gina web, sense cost addicional per a tu.<\/p>\n\n\n\n<h2 class=\"wp-block-heading\">Qu\u00e8 passa amb la meva privacitat?<\/h2>\n\n\n\n<p>Els enlla\u00e7os d&#8217;afiliats d&#8217;Amazon no afecten a la <a href=\"https:\/\/burotstudio.mywebsiteproject.es\/politica-de-privacidad\/\">pol\u00edtica de privacitat<\/a> ni al tractament de les teves dades personals. Amazon \u00e9s l&#8217;\u00fanic responsable del processament i protecci\u00f3 de les teves dades personals al seu lloc web.<\/p>\n\n\n\n<p>En resum, els enlla\u00e7os d&#8217;afiliats d&#8217;Amazon s\u00f3n una forma en qu\u00e8 podem recomanar-te productes i serveis que considerem \u00fatils i rellevants per a tu, i alhora obtenir una comissi\u00f3 per les compres que facis a trav\u00e9s d&#8217;ells. Si tens alguna pregunta o comentari sobre la nostra pol\u00edtica d&#8217;afiliats d&#8217;Amazon, no dubtis en contactar-nos a hola@burotstudio.com<\/p>\n","protected":false},"excerpt":{"rendered":"<p>En aquesta p\u00e0gina web utilitzem enlla\u00e7os d&#8217;afiliats d&#8217;Amazon per oferir-te productes i serveis que poden interessar-te. Com a afiliat d&#8217;Amazon, obtinc ingressos per les compres que facis a trav\u00e9s d&#8217;aquests enlla\u00e7os, sempre i quan compleixin els requisits aplicables. Qu\u00e8 s\u00f3n els enlla\u00e7os d&#8217;afiliats d&#8217;Amazon? Els enlla\u00e7os d&#8217;afiliats d&#8217;Amazon s\u00f3n enlla\u00e7os que porten l&#8217;usuari a la [&hellip;]<\/p>\n","protected":false},"author":2,"featured_media":24,"parent":0,"menu_order":0,"comment_status":"closed","ping_status":"closed","template":"","meta":{"_mi_skip_tracking":false,"footnotes":""},"class_list":["post-1047","page","type-page","status-publish","has-post-thumbnail","hentry"],"acf":[],"yoast_head":"<!-- This site is optimized with the Yoast SEO plugin v20.4 - https:\/\/yoast.com\/wordpress\/plugins\/seo\/ -->\n<title>Pol\u00edtica d&#039;afiliats d&#039;Amazon | Burot Studio<\/title>\n<meta name=\"description\" content=\"En aquesta p\u00e0gina web utilitzem enlla\u00e7os d&#039;afiliats d&#039;Amazon per oferir-te productes i serveis que poden interessar-te. Com a afiliat d&#039;Amazon, obtinc\" \/>\n<meta name=\"robots\" content=\"noindex, nofollow\" \/>\n<meta property=\"og:locale\" content=\"ca_ES\" \/>\n<meta property=\"og:type\" content=\"article\" \/>\n<meta property=\"og:title\" content=\"Pol\u00edtica d&#039;afiliats d&#039;Amazon | Burot Studio\" \/>\n<meta property=\"og:description\" content=\"En aquesta p\u00e0gina web utilitzem enlla\u00e7os d&#039;afiliats d&#039;Amazon per oferir-te productes i serveis que poden interessar-te. Com a afiliat d&#039;Amazon, obtinc\" \/>\n<meta property=\"og:url\" content=\"https:\/\/burotstudio.mywebsiteproject.es\/ca\/politica-afiliats-amazon\/\" \/>\n<meta property=\"og:site_name\" content=\"Burot Studio\" \/>\n<meta property=\"article:modified_time\" content=\"2023-03-30T15:00:28+00:00\" \/>\n<meta name=\"twitter:card\" content=\"summary_large_image\" \/>\n<meta name=\"twitter:label1\" content=\"Temps estimat de lectura\" \/>\n\t<meta name=\"twitter:data1\" content=\"2 minuts\" \/>\n<script type=\"application\/ld+json\" class=\"yoast-schema-graph\">{\"@context\":\"https:\/\/schema.org\",\"@graph\":[{\"@type\":\"WebPage\",\"@id\":\"https:\/\/burotstudio.mywebsiteproject.es\/ca\/politica-afiliats-amazon\/\",\"url\":\"https:\/\/burotstudio.mywebsiteproject.es\/ca\/politica-afiliats-amazon\/\",\"name\":\"Pol\u00edtica d'afiliats d'Amazon | Burot Studio\",\"isPartOf\":{\"@id\":\"https:\/\/burotstudio.mywebsiteproject.es\/ca\/#website\"},\"datePublished\":\"2023-03-30T13:24:14+00:00\",\"dateModified\":\"2023-03-30T15:00:28+00:00\",\"description\":\"En aquesta p\u00e0gina web utilitzem enlla\u00e7os d'afiliats d'Amazon per oferir-te productes i serveis que poden interessar-te. Com a afiliat d'Amazon, obtinc\",\"breadcrumb\":{\"@id\":\"https:\/\/burotstudio.mywebsiteproject.es\/ca\/politica-afiliats-amazon\/#breadcrumb\"},\"inLanguage\":\"ca\",\"potentialAction\":[{\"@type\":\"ReadAction\",\"target\":[\"https:\/\/burotstudio.mywebsiteproject.es\/ca\/politica-afiliats-amazon\/\"]}]},{\"@type\":\"BreadcrumbList\",\"@id\":\"https:\/\/burotstudio.mywebsiteproject.es\/ca\/politica-afiliats-amazon\/#breadcrumb\",\"itemListElement\":[{\"@type\":\"ListItem\",\"position\":1,\"name\":\"Inicio\",\"item\":\"https:\/\/burotstudio.mywebsiteproject.es\/ca\/\"},{\"@type\":\"ListItem\",\"position\":2,\"name\":\"Pol\u00edtica d&#8217;afiliats d&#8217;Amazon\"}]},{\"@type\":\"WebSite\",\"@id\":\"https:\/\/burotstudio.mywebsiteproject.es\/ca\/#website\",\"url\":\"https:\/\/burotstudio.mywebsiteproject.es\/ca\/\",\"name\":\"Burot Studio\",\"description\":\"\",\"potentialAction\":[{\"@type\":\"SearchAction\",\"target\":{\"@type\":\"EntryPoint\",\"urlTemplate\":\"https:\/\/burotstudio.mywebsiteproject.es\/ca\/?s={search_term_string}\"},\"query-input\":\"required name=search_term_string\"}],\"inLanguage\":\"ca\"}]}<\/script>\n<!-- \/ Yoast SEO plugin. -->","yoast_head_json":{"title":"Pol\u00edtica d'afiliats d'Amazon | Burot Studio","description":"En aquesta p\u00e0gina web utilitzem enlla\u00e7os d'afiliats d'Amazon per oferir-te productes i serveis que poden interessar-te. Com a afiliat d'Amazon, obtinc","robots":{"index":"noindex","follow":"nofollow"},"og_locale":"ca_ES","og_type":"article","og_title":"Pol\u00edtica d'afiliats d'Amazon | Burot Studio","og_description":"En aquesta p\u00e0gina web utilitzem enlla\u00e7os d'afiliats d'Amazon per oferir-te productes i serveis que poden interessar-te. Com a afiliat d'Amazon, obtinc","og_url":"https:\/\/burotstudio.mywebsiteproject.es\/ca\/politica-afiliats-amazon\/","og_site_name":"Burot Studio","article_modified_time":"2023-03-30T15:00:28+00:00","twitter_card":"summary_large_image","twitter_misc":{"Temps estimat de lectura":"2 minuts"},"schema":{"@context":"https:\/\/schema.org","@graph":[{"@type":"WebPage","@id":"https:\/\/burotstudio.mywebsiteproject.es\/ca\/politica-afiliats-amazon\/","url":"https:\/\/burotstudio.mywebsiteproject.es\/ca\/politica-afiliats-amazon\/","name":"Pol\u00edtica d'afiliats d'Amazon | Burot Studio","isPartOf":{"@id":"https:\/\/burotstudio.mywebsiteproject.es\/ca\/#website"},"datePublished":"2023-03-30T13:24:14+00:00","dateModified":"2023-03-30T15:00:28+00:00","description":"En aquesta p\u00e0gina web utilitzem enlla\u00e7os d'afiliats d'Amazon per oferir-te productes i serveis que poden interessar-te. Com a afiliat d'Amazon, obtinc","breadcrumb":{"@id":"https:\/\/burotstudio.mywebsiteproject.es\/ca\/politica-afiliats-amazon\/#breadcrumb"},"inLanguage":"ca","potentialAction":[{"@type":"ReadAction","target":["https:\/\/burotstudio.mywebsiteproject.es\/ca\/politica-afiliats-amazon\/"]}]},{"@type":"BreadcrumbList","@id":"https:\/\/burotstudio.mywebsiteproject.es\/ca\/politica-afiliats-amazon\/#breadcrumb","itemListElement":[{"@type":"ListItem","position":1,"name":"Inicio","item":"https:\/\/burotstudio.mywebsiteproject.es\/ca\/"},{"@type":"ListItem","position":2,"name":"Pol\u00edtica d&#8217;afiliats d&#8217;Amazon"}]},{"@type":"WebSite","@id":"https:\/\/burotstudio.mywebsiteproject.es\/ca\/#website","url":"https:\/\/burotstudio.mywebsiteproject.es\/ca\/","name":"Burot Studio","description":"","potentialAction":[{"@type":"SearchAction","target":{"@type":"EntryPoint","urlTemplate":"https:\/\/burotstudio.mywebsiteproject.es\/ca\/?s={search_term_string}"},"query-input":"required name=search_term_string"}],"inLanguage":"ca"}]}},"post_mailing_queue_ids":[],"_links":{"self":[{"href":"https:\/\/burotstudio.mywebsiteproject.es\/ca\/wp-json\/wp\/v2\/pages\/1047","targetHints":{"allow":["GET"]}}],"collection":[{"href":"https:\/\/burotstudio.mywebsiteproject.es\/ca\/wp-json\/wp\/v2\/pages"}],"about":[{"href":"https:\/\/burotstudio.mywebsiteproject.es\/ca\/wp-json\/wp\/v2\/types\/page"}],"author":[{"embeddable":true,"href":"https:\/\/burotstudio.mywebsiteproject.es\/ca\/wp-json\/wp\/v2\/users\/2"}],"replies":[{"embeddable":true,"href":"https:\/\/burotstudio.mywebsiteproject.es\/ca\/wp-json\/wp\/v2\/comments?post=1047"}],"version-history":[{"count":1,"href":"https:\/\/burotstudio.mywebsiteproject.es\/ca\/wp-json\/wp\/v2\/pages\/1047\/revisions"}],"predecessor-version":[{"id":1048,"href":"https:\/\/burotstudio.mywebsiteproject.es\/ca\/wp-json\/wp\/v2\/pages\/1047\/revisions\/1048"}],"wp:featuredmedia":[{"embeddable":true,"href":"https:\/\/burotstudio.mywebsiteproject.es\/ca\/wp-json\/"}],"wp:attachment":[{"href":"https:\/\/burotstudio.mywebsiteproject.es\/ca\/wp-json\/wp\/v2\/media?parent=1047"}],"curies":[{"name":"wp","href":"https:\/\/api.w.org\/{rel}","templated":true}]}}